{"id":3,"date":"2018-10-12T14:50:31","date_gmt":"2018-10-12T12:50:31","guid":{"rendered":"http:\/\/tanzurlaub.net\/?page_id=3"},"modified":"2019-03-27T11:49:17","modified_gmt":"2019-03-27T10:49:17","slug":"datenschutzerklaerung","status":"publish","type":"page","link":"https:\/\/pisa.gr\/en\/datenschutzerklaerung\/","title":{"rendered":"Impressum &#038; Privacy Policy"},"content":{"rendered":"<p><\/p>\n<h2 style=\"text-align: center;\">Impressum &amp; Privacy Policy<\/h2>\n<blockquote><p><strong>Kulturverein PiSA Pilion Summer Academy<\/strong><\/p>\n<p>ZVR-Zahl: 911935469<br \/>\nSeeanlage Strasse 1\/9<br \/>\nA-7201 Neud\u00f6rfl<\/p>\n<p>Petra Nowak<br \/>\nTel 0043 2622 77071<br \/>\nEmail info(at)pisa.gr<\/p>\n<p>Fotografie \u00a9 Petra Nowak, Eva K.K., Vreni Arbes<br \/>\nKartografie \u00a9 GoogleMaps<\/p><\/blockquote>\n<p><strong><span style=\"color: #000000;\">Datenschutz<\/span><\/strong><br \/>\n<span style=\"color: #000000;\">Wir nehmen den Schutz deiner personenbezogenen Daten sehr ernst. Wir verarbeiten deine personenbezogenen Daten entsprechend der gesetzlichen Datenschutzvorschriften sowie dieser Datenschutzerkl\u00e4rung. Die Nutzung unserer Webseite ist in der Regel ohne Angabe personenbezogener Daten m\u00f6glich. Soweit auf unseren Seiten personenbezogene Daten (beispielsweise Name, Anschrift oder E-Mail-Adressen) erhoben werden, erfolgt dies, soweit m\u00f6glich, stets auf freiwilliger Basis.<\/span><\/p>\n<p><strong><span style=\"color: #000000;\">Kontaktformular<\/span><\/strong><br \/>\n<span style=\"color: #000000;\">Nach Absenden des Kontaktformulars erfolgt eine Verarbeitung der von dir eingegebenen personenbezogenen Daten durch den datenschutzrechtlich Verantwortlichen zum Zweck der Bearbeitung deiner Anfrage auf Grundlage deiner durch das Absenden des Formulars erteilten Einwilligung. Es besteht keine gesetzliche oder vertragliche Verpflichtung zur Bereitstellung der personenbezogenen Daten. Die Nichtbereitstellung hat lediglich zur Folge, dass du dein Anliegen nicht \u00fcbermitteln und wir dieses nicht bearbeiten k\u00f6nnen. Du hast das Recht, deine Einwilligung jederzeit durch schriftliche Mitteilung zu widerrufen, ohne dass die Rechtm\u00e4\u00dfigkeit der aufgrund der Einwilligung bis zum Widerruf erfolgten Verarbeitung ber\u00fchrt wird.<\/span><\/p>\n<p><strong><span style=\"color: #000000;\">Anmeldeformular<\/span><\/strong><br \/>\n<span style=\"color: #000000;\">Nach Absenden der Anmeldung erfolgt eine Verarbeitung der oben angef\u00fchrten Daten durch den datenschutzrechtlich Verantwortlichen zum Zweck der Vertragserf\u00fcllung auf Grundlage des mit der Anmeldung abgeschlossenen Vertrages f\u00fcr die Vertragslaufzeit. Es besteht keine gesetzliche oder vertragliche Verpflichtung zur Bereitstellung der personenbezogenen Daten. Die Nichtbereitstellung hat lediglich zur Folge, dass keine Anmeldung \/ kein Vertragsabschluss \/ keine Nutzung des Dienstes m\u00f6glich ist.<\/span><\/p>\n<p><strong><span style=\"color: #000000;\">E-Mail-Newsletter<\/span><\/strong><br \/>\n<span style=\"color: #000000;\">Durch Ankreuzen der Checkbox willigst du in die Verarbeitung der von dir eingegebenen personenbezogenen Daten zum Zweck der Information \u00fcber unsere Produkte bzw. Dienstleistungen mittels eines E-Mail-Newsletters durch den datenschutzrechtlich Verantwortlichen bis auf Widerruf bzw. Widerspruch ein. Es besteht keine gesetzliche oder vertragliche Verpflichtung zur Bereitstellung der personenbezogenen Daten. Die Nichteinwilligung hat lediglich zur Folge, dass du keinen E-Mail-Newsletter erh\u00e4ltst. Du hast das Recht, deine Einwilligung jederzeit durch schriftliche Mitteilung oder durch Klick auf den Abmeldelink im E-Mail-Newsletter zu widerrufen, ohne dass die Rechtm\u00e4\u00dfigkeit der aufgrund der Einwilligung bis zum Widerruf erfolgten Verarbeitung ber\u00fchrt wird.<\/span><\/p>\n<p><span style=\"color: #000000;\"><strong>Cookies<\/strong><br \/>\nDiese Website verwendet Cookies. Cookies machen Websites f\u00fcr den Benutzer benutzerfreundlicher und effizienter. Ein Cookie ist eine kleine Textdatei, die zur Speicherung von Informationen dient. Beim Besuch einer Website kann die Website auf dem Computer des Website-Besuchers ein Cookie platzieren. Besucht der Benutzer die Website sp\u00e4ter wieder, kann die Website die Daten des fr\u00fcher gespeicherten Cookies auslesen und so z. B. feststellen, ob der Benutzer die Website schon fr\u00fcher besucht hat und f\u00fcr welche Bereiche der Website sich der Benutzer besonders interessiert hat. Mehr Informationen zu Cookies erh\u00e4ltst du auf\u00a0<\/span><a rel=\"noopener\">WIKIPEDIA<\/a><span style=\"color: #000000;\">.<br \/>\n<\/span><strong><br \/>\n<span style=\"color: #000000;\">\u00c4ndern der Cookie-Einstellungen<\/span><\/strong><br \/>\n<span style=\"color: #000000;\">Wie der Web-Browser mit Cookies umgeht, welche Cookies zugelassen oder abgelehnt werden, kann der Benutzer in den Einstellungen des Web-Browsers festlegen. Wo genau sich diese Einstellungen befinden, h\u00e4ngt vom jeweiligen Web-Browser ab. Detailinformationen dazu k\u00f6nnen \u00fcber die Hilfe-Funktion des jeweiligen Webbrowsers aufgerufen werden. Wenn die Nutzung von Cookies eingeschr\u00e4nkt wird, sind unter Umst\u00e4nden nicht mehr alle Funktionen dieser Website vollumf\u00e4nglich nutzbar.<\/span><\/p>\n<p><strong><span style=\"color: #000000;\">Deine Rechte<\/span><\/strong><br \/>\n<span style=\"color: #000000;\">Du hast das Recht auf Auskunft, Berichtigung, L\u00f6schung und Einschr\u00e4nkung der Verarbeitung der personenbezogenen Daten. Soweit die Rechtsgrundlage der Verarbeitung deiner personenbezogenen Daten mit deiner Einwilligung oder in einem mit dir abgeschlossenen Vertrag besteht, hast du zudem das Recht auf Daten\u00fcbertragbarkeit. Sie haben das Recht auf Widerruf einer eventuell erteilten Einwilligung zur Verarbeitung Ihrer personenbezogenen Daten. Die Rechtm\u00e4\u00dfigkeit der Verarbeitung der personenbezogenen Daten bis zum Widerruf wird durch den Widerruf nicht ber\u00fchrt. Du hast das Recht auf Widerspruch gegen die Verarbeitung deiner personenbezogenen Daten zum Zweck der Direktwerbung. Im Fall des Widerspruchs werden deine personenbezogenen Daten nicht mehr zum Zwecke der Direktwerbung verarbeitet. Andernfalls hast du das Recht auf Beschwerde bei der Aufsichtsbeh\u00f6rde (\u00d6sterreichische Datenschutzbeh\u00f6rde, Wickenburggasse 8, 1080 Wien,<a href=\"mailto:dsb@dsb.gv.at\" target=\"_blank\" rel=\"noopener\">dsb@dsb.gv.at<\/a>).<\/span><\/p>","protected":false},"excerpt":{"rendered":"<p>Impressum &amp; Privacy Policy Kulturverein PiSA Pilion Summer Academy ZVR-Zahl: 911935469 Seeanlage Strasse 1\/9 A-7201 Neud\u00f6rfl Petra Nowak Tel 0043 2622 77071 Email info(at)pisa.gr Fotografie \u00a9 Petra Nowak, Eva K.K., Vreni Arbes Kartografie \u00a9 GoogleMaps Datenschutz Wir nehmen den Schutz deiner personenbezogenen Daten sehr ernst. Wir verarbeiten deine personenbezogenen Daten entsprechend der gesetzlichen Datenschutzvorschriften sowie dieser Datenschutzerkl\u00e4rung. Die Nutzung unserer Webseite ist in der Regel ohne Angabe personenbezogener Daten m\u00f6glich. Soweit auf unseren Seiten personenbezogene Daten (beispielsweise Name, Anschrift oder E-Mail-Adressen) erhoben werden, erfolgt dies, soweit m\u00f6glich, stets auf freiwilliger Basis. Kontaktformular Nach Absenden des Kontaktformulars erfolgt eine Verarbeitung der von <a href=\"https:\/\/pisa.gr\/en\/datenschutzerklaerung\/\"> [&#8230;]<\/a><\/p>\n","protected":false},"author":1,"featured_media":0,"parent":0,"menu_order":0,"comment_status":"closed","ping_status":"open","template":"100-width.php","meta":{"footnotes":""},"class_list":["post-3","page","type-page","status-publish","hentry"],"_links":{"self":[{"href":"https:\/\/pisa.gr\/en\/wp-json\/wp\/v2\/pages\/3","targetHints":{"allow":["GET"]}}],"collection":[{"href":"https:\/\/pisa.gr\/en\/wp-json\/wp\/v2\/pages"}],"about":[{"href":"https:\/\/pisa.gr\/en\/wp-json\/wp\/v2\/types\/page"}],"author":[{"embeddable":true,"href":"https:\/\/pisa.gr\/en\/wp-json\/wp\/v2\/users\/1"}],"replies":[{"embeddable":true,"href":"https:\/\/pisa.gr\/en\/wp-json\/wp\/v2\/comments?post=3"}],"version-history":[{"count":0,"href":"https:\/\/pisa.gr\/en\/wp-json\/wp\/v2\/pages\/3\/revisions"}],"wp:attachment":[{"href":"https:\/\/pisa.gr\/en\/wp-json\/wp\/v2\/media?parent=3"}],"curies":[{"name":"wp","href":"https:\/\/api.w.org\/{rel}","templated":true}]}}